{"id":690,"date":"2021-08-14T22:27:58","date_gmt":"2021-08-14T22:27:58","guid":{"rendered":"https:\/\/kasbahtussna.com\/?page_id=690"},"modified":"2026-03-06T00:33:53","modified_gmt":"2026-03-06T00:33:53","slug":"tarifs-et-reservations","status":"publish","type":"page","link":"https:\/\/www.kasbahtussna.com\/fr\/tarifs-et-reservations\/","title":{"rendered":"TARIFS ET R\u00c9SERVATIONS"},"content":{"rendered":"\t<section class=\"section\" id=\"section_1493171578\">\n\t\t<div class=\"bg section-bg fill bg-fill  bg-loaded\" >\n\n\t\t\t\n\t\t\t<div class=\"section-bg-overlay absolute fill\"><\/div><div class=\"effect-snow bg-effect fill no-click\"><\/div>\n\t\t\t\n\n\t\t<\/div>\n\n\t\t\n\n\t\t<div class=\"section-content relative\">\n\t\t\t\r\n\r\n\t<div id=\"gap-1734780841\" class=\"gap-element clearfix\" style=\"display:block; height:auto;\">\n\t\t\n<style>\n#gap-1734780841 {\n  padding-top: 30px;\n}\n<\/style>\n\t<\/div>\n\t\r\n\r\n<div class=\"row\"  id=\"row-324351897\">\r\n\r\n\n\t<div id=\"col-1848342683\" class=\"col medium-8 small-12 large-8\"  >\n\t\t\t\t<div class=\"col-inner\"  >\n\t\t\t\n\t\t\t\r\n<h3>Tarifs 2026<\/h3>\r\n<\/p><ul class=\"wp-block-list\"><li>Petit d\u00e9jeuner inclus<\/li><\/ul><table class=\"wp-block-table\"><tbody><tr style=\"background: #4867ab; padding: 2px !important; padding-left: 7px !important;\"><td style=\"padding-left: 10px; border-right: 1px solid beige;\"><strong><em style=\"color: wheat;\">Chambre double<\/em><\/strong>\u00a0<\/td><td><strong><em style=\"color: wheat;\">Avec petit Dej<\/em><\/strong><strong><em>\u00a0<\/em><\/strong><\/td><\/tr><tr><td style=\"border-right: 1px solid #d0d0d0;\">2 personnes<\/td><td>55\u20ac<\/td><\/tr><tr><td style=\"border-right: 1px solid #d0d0d0;\">1 personne<\/td><td>45 \u20ac<\/td><\/tr><tr style=\"background: #a9aeb9;\"><td style=\"padding-left: 10px; border-right: 1px solid beige;\"><strong><em style=\"color: white;\">lit suppl\u00e9mentaire<\/em><\/strong><\/td><td style=\"color: white;\">20 \u20ac<\/td><\/tr><\/tbody><\/table><p>NB: Il est possible de r\u00e9server toute la kasbah et de profiter de nos offres et promotions. (18 personnes)<\/p><p><strong>Pour plus d&rsquo;informations contactez nous : \u00a0kasbahtussna@gmail.com<\/strong><\/p><p>\r\n\r\n\t\t<\/div>\n\t\t\t\t\t<\/div>\n\n\t\r\n\n\t<div id=\"col-8195734\" class=\"col medium-4 small-12 large-4\"  >\n\t\t\t\t<div class=\"col-inner\"  >\n\t\t\t\n\t\t\t\r\n\r\n\n  <div class=\"banner has-hover\" id=\"banner-1637087301\">\n          <div class=\"banner-inner fill\">\n        <div class=\"banner-bg fill\" >\n            <div class=\"bg fill bg-fill \"><\/div>\n                        <div class=\"overlay\"><\/div>            \n                    <\/div>\n\t\t\n        <div class=\"banner-layers container\">\n            <div class=\"fill banner-link\"><\/div>            \r\n\r\n   <div id=\"text-box-1035897201\" class=\"text-box banner-layer x50 md-x50 lg-x50 y50 md-y50 lg-y50 res-text\">\n                                <div class=\"text-box-content text dark\">\n              \n              <div class=\"text-inner text-center\">\n                  \r\n\r\n<\/p>\r\n<h3 class=\"uppercase\"><strong>TARIFS ET R\u00c9SERVATIONS<\/strong><\/h3>\r\n<p style=\"font-size: 16px; text-align: justify; \" >Si vous souhaitez nous contacter pour toute pr\u00e9cision, demander plus d&rsquo;informations sur nos services ou faire une r\u00e9servation, n&rsquo;h\u00e9sitez pas \u00e0 remplir le formulaire suivant.<\/p>\r\n<p>\r\n<a href=\"https:\/\/kasbahtussna.com\/fr\/contact\/\" target=\"_self\" class=\"button secondary is-xlarge box-shadow-2-hover\"  >\n    <span>Reserver<\/span>\n  <\/a>\n\r\n\r\n\r\n              <\/div>\n           <\/div>\n                            \n<style>\n#text-box-1035897201 {\n  width: 60%;\n}\n#text-box-1035897201 .text-box-content {\n  font-size: 100%;\n}\n<\/style>\n    <\/div>\n \r\n\r\n        <\/div>\n      <\/div>\n\n            \n<style>\n#banner-1637087301 {\n  padding-top: 500px;\n}\n#banner-1637087301 .bg.bg-loaded {\n  background-image: url(https:\/\/www.kasbahtussna.com\/wp-content\/uploads\/2020\/01\/90404200-0632-4a70-802b-044811dfef04-768x1024.jpg);\n}\n#banner-1637087301 .overlay {\n  background-color: rgba(0, 0, 0, 0.37);\n}\n#banner-1637087301 .bg {\n  background-position: 70% 73%;\n}\n<\/style>\n  <\/div>\n\n\r\n\r\n\t\t<\/div>\n\t\t\t\t\t<\/div>\n\n\t\r\n\r\n<\/div>\r\n\r\n\t\t<\/div>\n\n\t\t\n<style>\n#section_1493171578 {\n  padding-top: 0px;\n  padding-bottom: 0px;\n}\n#section_1493171578 .section-bg-overlay {\n  background-color: rgb(240, 240, 240);\n}\n<\/style>\n\t<\/section>\n\t","protected":false},"excerpt":{"rendered":"","protected":false},"author":1,"featured_media":0,"parent":0,"menu_order":0,"comment_status":"closed","ping_status":"closed","template":"","meta":{"footnotes":""},"class_list":["post-690","page","type-page","status-publish","hentry"],"jetpack_sharing_enabled":true,"_links":{"self":[{"href":"https:\/\/www.kasbahtussna.com\/fr\/wp-json\/wp\/v2\/pages\/690","targetHints":{"allow":["GET"]}}],"collection":[{"href":"https:\/\/www.kasbahtussna.com\/fr\/wp-json\/wp\/v2\/pages"}],"about":[{"href":"https:\/\/www.kasbahtussna.com\/fr\/wp-json\/wp\/v2\/types\/page"}],"author":[{"embeddable":true,"href":"https:\/\/www.kasbahtussna.com\/fr\/wp-json\/wp\/v2\/users\/1"}],"replies":[{"embeddable":true,"href":"https:\/\/www.kasbahtussna.com\/fr\/wp-json\/wp\/v2\/comments?post=690"}],"version-history":[{"count":30,"href":"https:\/\/www.kasbahtussna.com\/fr\/wp-json\/wp\/v2\/pages\/690\/revisions"}],"predecessor-version":[{"id":1252,"href":"https:\/\/www.kasbahtussna.com\/fr\/wp-json\/wp\/v2\/pages\/690\/revisions\/1252"}],"wp:attachment":[{"href":"https:\/\/www.kasbahtussna.com\/fr\/wp-json\/wp\/v2\/media?parent=690"}],"curies":[{"name":"wp","href":"https:\/\/api.w.org\/{rel}","templated":true}]}}