{"id":679,"date":"2021-08-14T21:53:35","date_gmt":"2021-08-14T21:53:35","guid":{"rendered":"https:\/\/kasbahtussna.com\/?page_id=679"},"modified":"2021-08-20T02:28:32","modified_gmt":"2021-08-20T02:28:32","slug":"activites","status":"publish","type":"page","link":"https:\/\/www.kasbahtussna.com\/fr\/activites\/","title":{"rendered":"ACTIVIT\u00c9S"},"content":{"rendered":"\t<section class=\"section\" id=\"section_391709292\">\n\t\t<div class=\"bg section-bg fill bg-fill  bg-loaded\" >\n\n\t\t\t\n\t\t\t<div class=\"section-bg-overlay absolute fill\"><\/div>\n\t\t\t\n\t<div class=\"is-border\"\n\t\tstyle=\"border-color:rgb(235, 235, 235);border-width:1px 0px 0px 0px;\">\n\t<\/div>\n\n\t\t<\/div>\n\n\t\t\n\n\t\t<div class=\"section-content relative\">\n\t\t\t\n<div class=\"row row-large align-middle align-center\"  id=\"row-999460606\">\n\n\t<div id=\"col-569457598\" class=\"col medium-6 small-12 large-6\"  >\n\t\t\t\t<div class=\"col-inner box-shadow-2 box-shadow-5-hover\" style=\"background-color:rgb(255, 255, 255);\" >\n\t\t\t\n\t\t\t\n<div class=\"slider-wrapper relative\" id=\"slider-138864494\" >\n    <div class=\"slider slider-nav-circle slider-nav-large slider-nav-light slider-style-normal\"\n        data-flickity-options='{\n            \"cellAlign\": \"center\",\n            \"imagesLoaded\": true,\n            \"lazyLoad\": 1,\n            \"freeScroll\": false,\n            \"wrapAround\": true,\n            \"autoPlay\": 6000,\n            \"pauseAutoPlayOnHover\" : true,\n            \"prevNextButtons\": true,\n            \"contain\" : true,\n            \"adaptiveHeight\" : true,\n            \"dragThreshold\" : 10,\n            \"percentPosition\": true,\n            \"pageDots\": true,\n            \"rightToLeft\": false,\n            \"draggable\": true,\n            \"selectedAttraction\": 0.1,\n            \"parallax\" : 0,\n            \"friction\": 0.6        }'\n        >\n        \n\t<div class=\"img has-hover x md-x lg-x y md-y lg-y\" id=\"image_605160759\">\n\t\t\t\t\t\t\t\t<div class=\"img-inner dark\" >\n\t\t\t<img loading=\"lazy\" decoding=\"async\" width=\"1020\" height=\"765\" src=\"https:\/\/www.kasbahtussna.com\/wp-content\/uploads\/2019\/07\/TAFRAOUT-2-1024x768.jpg\" class=\"attachment-large size-large\" alt=\"\" srcset=\"https:\/\/www.kasbahtussna.com\/wp-content\/uploads\/2019\/07\/TAFRAOUT-2-1024x768.jpg 1024w, https:\/\/www.kasbahtussna.com\/wp-content\/uploads\/2019\/07\/TAFRAOUT-2-300x225.jpg 300w, https:\/\/www.kasbahtussna.com\/wp-content\/uploads\/2019\/07\/TAFRAOUT-2-768x576.jpg 768w\" sizes=\"auto, (max-width: 1020px) 100vw, 1020px\" \/>\t\t\t\t\t\t\n\t\t\t\t\t<\/div>\n\t\t\t\t\t\t\t\t\n<style>\n#image_605160759 {\n  width: 100%;\n}\n<\/style>\n\t<\/div>\n\t\n     <\/div>\n\n     <div class=\"loading-spin dark large centered\"><\/div>\n\n\t<\/div>\n\n\n\t\t<\/div>\n\t\t\t\t\n<style>\n#col-569457598 > .col-inner {\n  padding: 5px 5px 5px 5px;\n}\n<\/style>\n\t<\/div>\n\n\t\n\n\t<div id=\"col-1670955792\" class=\"col medium-6 small-12 large-6\"  >\n\t\t\t\t<div class=\"col-inner text-center dark\"  >\n\t\t\t\n\t\t\t\n<h2>Randonn\u00e9es P\u00e9destres<\/h2>\n<p>Sommet de Toubkal , Sommet du M&rsquo;Goun, Anti-Atlas , Vall\u00e9e d&rsquo;amelne<\/p>\n<a href=\"https:\/\/kasbahtussna.com\/fr\/contact\/\" target=\"_self\" class=\"button primary\"  >\n    <span>Contactez-nous<\/span>\n  <i class=\"icon-envelop\" aria-hidden=\"true\" ><\/i><\/a>\n\n\t\t<\/div>\n\t\t\t\t\t<\/div>\n\n\t\n<\/div>\n\t\t<\/div>\n\n\t\t\n<style>\n#section_391709292 {\n  padding-top: 59px;\n  padding-bottom: 59px;\n  min-height: 300px;\n  background-color: rgb(171, 171, 171);\n}\n#section_391709292 .section-bg-overlay {\n  background-color: rgba(0, 0, 0, 0.78);\n}\n<\/style>\n\t<\/section>\n\t\n\t<section class=\"section\" id=\"section_1710203438\">\n\t\t<div class=\"bg section-bg fill bg-fill  bg-loaded\" >\n\n\t\t\t\n\t\t\t\n\t\t\t\n\t<div class=\"is-border\"\n\t\tstyle=\"border-color:rgb(235, 235, 235);border-width:1px 0px 0px 0px;\">\n\t<\/div>\n\n\t\t<\/div>\n\n\t\t\n\n\t\t<div class=\"section-content relative\">\n\t\t\t\n<div class=\"row row-large align-middle align-center\"  id=\"row-582116929\">\n\n\t<div id=\"col-1971248102\" class=\"col medium-6 small-12 large-6\"  >\n\t\t\t\t<div class=\"col-inner text-center\"  >\n\t\t\t\n\t\t\t\n<h2>Sud et le Desert<\/h2>\n<p>Vall\u00e9e du Dad\u00e8s, vall\u00e9e des Roses, Vall\u00e9e de Daa, les dunes de chegaga .<\/p>\n<a href=\"https:\/\/kasbahtussna.com\/fr\/contact\/\" target=\"_self\" class=\"button primary\"  >\n    <span>Contactez-nous<\/span>\n  <i class=\"icon-envelop\" aria-hidden=\"true\" ><\/i><\/a>\n\n\t\t<\/div>\n\t\t\t\t\t<\/div>\n\n\t\n\n\t<div id=\"col-1565173286\" class=\"col medium-6 small-12 large-6\"  >\n\t\t\t\t<div class=\"col-inner box-shadow-2 box-shadow-5-hover\" style=\"background-color:rgb(255, 255, 255);\" >\n\t\t\t\n\t\t\t\n\t<div class=\"img has-hover x md-x lg-x y md-y lg-y\" id=\"image_540112292\">\n\t\t\t\t\t\t\t\t<div class=\"img-inner dark\" >\n\t\t\t<img loading=\"lazy\" decoding=\"async\" width=\"1020\" height=\"679\" src=\"https:\/\/www.kasbahtussna.com\/wp-content\/uploads\/2019\/07\/20180524_175253-1024x682.jpg\" class=\"attachment-large size-large\" alt=\"\" srcset=\"https:\/\/www.kasbahtussna.com\/wp-content\/uploads\/2019\/07\/20180524_175253-1024x682.jpg 1024w, https:\/\/www.kasbahtussna.com\/wp-content\/uploads\/2019\/07\/20180524_175253-300x200.jpg 300w, https:\/\/www.kasbahtussna.com\/wp-content\/uploads\/2019\/07\/20180524_175253-768x511.jpg 768w, https:\/\/www.kasbahtussna.com\/wp-content\/uploads\/2019\/07\/20180524_175253.jpg 1280w\" sizes=\"auto, (max-width: 1020px) 100vw, 1020px\" \/>\t\t\t\t\t\t\n\t\t\t\t\t<\/div>\n\t\t\t\t\t\t\t\t\n<style>\n#image_540112292 {\n  width: 100%;\n}\n<\/style>\n\t<\/div>\n\t\n\t\t<\/div>\n\t\t\t\t\n<style>\n#col-1565173286 > .col-inner {\n  padding: 5px 5px 5px 5px;\n}\n<\/style>\n\t<\/div>\n\n\t\n<\/div>\n\t\t<\/div>\n\n\t\t\n<style>\n#section_1710203438 {\n  padding-top: 59px;\n  padding-bottom: 59px;\n  min-height: 300px;\n  background-color: rgb(228, 228, 228);\n}\n<\/style>\n\t<\/section>\n\t\n\t<section class=\"section\" id=\"section_1097142772\">\n\t\t<div class=\"bg section-bg fill bg-fill  bg-loaded\" >\n\n\t\t\t\n\t\t\t<div class=\"section-bg-overlay absolute fill\"><\/div>\n\t\t\t\n\t<div class=\"is-border\"\n\t\tstyle=\"border-color:rgb(235, 235, 235);border-width:1px 0px 0px 0px;\">\n\t<\/div>\n\n\t\t<\/div>\n\n\t\t\n\n\t\t<div class=\"section-content relative\">\n\t\t\t\n<div class=\"row row-large align-middle align-center\"  id=\"row-2024151016\">\n\n\t<div id=\"col-708488138\" class=\"col medium-6 small-12 large-6\"  >\n\t\t\t\t<div class=\"col-inner box-shadow-2 box-shadow-5-hover\" style=\"background-color:rgb(255, 255, 255);\" >\n\t\t\t\n\t\t\t\n\t<div class=\"img has-hover x md-x lg-x y md-y lg-y\" id=\"image_1015950883\">\n\t\t\t\t\t\t\t\t<div class=\"img-inner dark\" >\n\t\t\t<img loading=\"lazy\" decoding=\"async\" width=\"690\" height=\"470\" src=\"https:\/\/www.kasbahtussna.com\/wp-content\/uploads\/2019\/07\/Morocco-Essaouira-Taghazout-surfers.jpg\" class=\"attachment-large size-large\" alt=\"\" srcset=\"https:\/\/www.kasbahtussna.com\/wp-content\/uploads\/2019\/07\/Morocco-Essaouira-Taghazout-surfers.jpg 690w, https:\/\/www.kasbahtussna.com\/wp-content\/uploads\/2019\/07\/Morocco-Essaouira-Taghazout-surfers-300x204.jpg 300w\" sizes=\"auto, (max-width: 690px) 100vw, 690px\" \/>\t\t\t\t\t\t\n\t\t\t\t\t<\/div>\n\t\t\t\t\t\t\t\t\n<style>\n#image_1015950883 {\n  width: 100%;\n}\n<\/style>\n\t<\/div>\n\t\n\t\t<\/div>\n\t\t\t\t\n<style>\n#col-708488138 > .col-inner {\n  padding: 5px 5px 5px 5px;\n}\n<\/style>\n\t<\/div>\n\n\t\n\n\t<div id=\"col-1191534003\" class=\"col medium-6 small-12 large-6\"  >\n\t\t\t\t<div class=\"col-inner text-center dark\"  >\n\t\t\t\n\t\t\t\n<p>Randonn\u00e9e Chameli\u00e8re sur la C\u00f4te Atlantique d&rsquo;Essaouira<\/p>\n<a href=\"https:\/\/kasbahtussna.com\/fr\/contact\/\" target=\"_self\" class=\"button primary\"  >\n    <span>CONTACTEZ-NOUS<\/span>\n  <i class=\"icon-envelop\" aria-hidden=\"true\" ><\/i><\/a>\n\n\t\t<\/div>\n\t\t\t\t\t<\/div>\n\n\t\n<\/div>\n\t\t<\/div>\n\n\t\t\n<style>\n#section_1097142772 {\n  padding-top: 59px;\n  padding-bottom: 59px;\n  min-height: 300px;\n  background-color: rgb(171, 171, 171);\n}\n#section_1097142772 .section-bg-overlay {\n  background-color: rgba(0, 0, 0, 0.78);\n}\n<\/style>\n\t<\/section>\n\t\n\t<section class=\"section\" id=\"section_1078258651\">\n\t\t<div class=\"bg section-bg fill bg-fill  bg-loaded\" >\n\n\t\t\t\n\t\t\t\n\t\t\t\n\t<div class=\"is-border\"\n\t\tstyle=\"border-color:rgb(235, 235, 235);border-width:1px 0px 0px 0px;\">\n\t<\/div>\n\n\t\t<\/div>\n\n\t\t\n\n\t\t<div class=\"section-content relative\">\n\t\t\t\n<div class=\"row row-large align-middle align-center\"  id=\"row-211943565\">\n\n\t<div id=\"col-956293314\" class=\"col medium-6 small-12 large-6\"  >\n\t\t\t\t<div class=\"col-inner text-center\"  >\n\t\t\t\n\t\t\t\n<p>\u00a0<\/p>\n<h2>Circuits En 4&#215;4<\/h2>\n<p>Les villes imp\u00e9riales, Merzouga, la Route des Mille kasbahs et les villages berb\u00e8res<\/p>\n<a href=\"https:\/\/kasbahtussna.com\/fr\/contact\/\" target=\"_self\" class=\"button primary\"  >\n    <span>CONTACTEZ-NOUS<\/span>\n  <i class=\"icon-envelop\" aria-hidden=\"true\" ><\/i><\/a>\n\n\t\t<\/div>\n\t\t\t\t\t<\/div>\n\n\t\n\n\t<div id=\"col-152319474\" class=\"col medium-6 small-12 large-6\"  >\n\t\t\t\t<div class=\"col-inner box-shadow-2 box-shadow-5-hover\" style=\"background-color:rgb(255, 255, 255);\" >\n\t\t\t\n\t\t\t\n\t<div class=\"img has-hover x md-x lg-x y md-y lg-y\" id=\"image_1612803739\">\n\t\t\t\t\t\t\t\t<div class=\"img-inner dark\" >\n\t\t\t<img loading=\"lazy\" decoding=\"async\" width=\"1020\" height=\"618\" src=\"https:\/\/www.kasbahtussna.com\/wp-content\/uploads\/2019\/07\/4x4-Morocc-Desert-1024x620.jpg\" class=\"attachment-large size-large\" alt=\"\" srcset=\"https:\/\/www.kasbahtussna.com\/wp-content\/uploads\/2019\/07\/4x4-Morocc-Desert-1024x620.jpg 1024w, https:\/\/www.kasbahtussna.com\/wp-content\/uploads\/2019\/07\/4x4-Morocc-Desert-300x182.jpg 300w, https:\/\/www.kasbahtussna.com\/wp-content\/uploads\/2019\/07\/4x4-Morocc-Desert-768x465.jpg 768w, https:\/\/www.kasbahtussna.com\/wp-content\/uploads\/2019\/07\/4x4-Morocc-Desert.jpg 1189w\" sizes=\"auto, (max-width: 1020px) 100vw, 1020px\" \/>\t\t\t\t\t\t\n\t\t\t\t\t<\/div>\n\t\t\t\t\t\t\t\t\n<style>\n#image_1612803739 {\n  width: 100%;\n}\n<\/style>\n\t<\/div>\n\t\n\t\t<\/div>\n\t\t\t\t\n<style>\n#col-152319474 > .col-inner {\n  padding: 5px 5px 5px 5px;\n}\n<\/style>\n\t<\/div>\n\n\t\n<\/div>\n\t\t<\/div>\n\n\t\t\n<style>\n#section_1078258651 {\n  padding-top: 59px;\n  padding-bottom: 59px;\n  min-height: 300px;\n  background-color: rgb(228, 228, 228);\n}\n<\/style>\n\t<\/section>\n\t\n","protected":false},"excerpt":{"rendered":"","protected":false},"author":1,"featured_media":0,"parent":0,"menu_order":0,"comment_status":"closed","ping_status":"closed","template":"","meta":{"footnotes":""},"class_list":["post-679","page","type-page","status-publish","hentry"],"jetpack_sharing_enabled":true,"_links":{"self":[{"href":"https:\/\/www.kasbahtussna.com\/fr\/wp-json\/wp\/v2\/pages\/679","targetHints":{"allow":["GET"]}}],"collection":[{"href":"https:\/\/www.kasbahtussna.com\/fr\/wp-json\/wp\/v2\/pages"}],"about":[{"href":"https:\/\/www.kasbahtussna.com\/fr\/wp-json\/wp\/v2\/types\/page"}],"author":[{"embeddable":true,"href":"https:\/\/www.kasbahtussna.com\/fr\/wp-json\/wp\/v2\/users\/1"}],"replies":[{"embeddable":true,"href":"https:\/\/www.kasbahtussna.com\/fr\/wp-json\/wp\/v2\/comments?post=679"}],"version-history":[{"count":9,"href":"https:\/\/www.kasbahtussna.com\/fr\/wp-json\/wp\/v2\/pages\/679\/revisions"}],"predecessor-version":[{"id":751,"href":"https:\/\/www.kasbahtussna.com\/fr\/wp-json\/wp\/v2\/pages\/679\/revisions\/751"}],"wp:attachment":[{"href":"https:\/\/www.kasbahtussna.com\/fr\/wp-json\/wp\/v2\/media?parent=679"}],"curies":[{"name":"wp","href":"https:\/\/api.w.org\/{rel}","templated":true}]}}