{"id":669,"date":"2021-08-14T21:27:37","date_gmt":"2021-08-14T21:27:37","guid":{"rendered":"https:\/\/kasbahtussna.com\/?page_id=669"},"modified":"2026-03-06T00:43:47","modified_gmt":"2026-03-06T00:43:47","slug":"accueille","status":"publish","type":"page","link":"https:\/\/www.kasbahtussna.com\/fr\/","title":{"rendered":"La Kasbah"},"content":{"rendered":"<div class=\"slider-wrapper relative\" id=\"slider-929001336\" >\n    <div class=\"slider slider-nav-circle slider-nav-large slider-nav-light slider-style-normal\"\n        data-flickity-options='{\n            \"cellAlign\": \"center\",\n            \"imagesLoaded\": true,\n            \"lazyLoad\": 1,\n            \"freeScroll\": false,\n            \"wrapAround\": true,\n            \"autoPlay\": 3000,\n            \"pauseAutoPlayOnHover\" : true,\n            \"prevNextButtons\": true,\n            \"contain\" : true,\n            \"adaptiveHeight\" : true,\n            \"dragThreshold\" : 10,\n            \"percentPosition\": true,\n            \"pageDots\": true,\n            \"rightToLeft\": false,\n            \"draggable\": true,\n            \"selectedAttraction\": 0.1,\n            \"parallax\" : 0,\n            \"friction\": 0.6        }'\n        >\n        \n\n  <div class=\"banner has-hover has-slide-effect slide-zoom-out\" id=\"banner-1107900849\">\n          <div class=\"banner-inner fill\">\n        <div class=\"banner-bg fill\" >\n            <div class=\"bg fill bg-fill \"><\/div>\n                                    \n                    <\/div>\n\t\t\n        <div class=\"banner-layers container\">\n            <div class=\"fill banner-link\"><\/div>            \n   <div id=\"text-box-1932699148\" class=\"text-box banner-layer x85 md-x15 lg-x0 y50 md-y75 lg-y70 res-text\">\n                                <div class=\"text-box-content text dark\">\n              \n              <div class=\"text-inner text-left\">\n                  \n<h2><b>Kasbah Tussna<\/b><\/h2>\n<p>Alojamento en el sur de marruecos<\/p>\n              <\/div>\n           <\/div>\n                            \n<style>\n#text-box-1932699148 {\n  width: 63%;\n}\n#text-box-1932699148 .text-box-content {\n  font-size: 100%;\n}\n@media (min-width:550px) {\n  #text-box-1932699148 {\n    width: 39%;\n  }\n}\n@media (min-width:850px) {\n  #text-box-1932699148 {\n    width: 31%;\n  }\n}\n<\/style>\n    <\/div>\n \n        <\/div>\n      <\/div>\n\n            \n<style>\n#banner-1107900849 {\n  padding-top: 208px;\n}\n#banner-1107900849 .bg.bg-loaded {\n  background-image: url(https:\/\/www.kasbahtussna.com\/wp-content\/uploads\/2021\/02\/kasbahtussna-gate-enterence.jpg);\n}\n#banner-1107900849 .bg {\n  background-position: 33% 59%;\n}\n@media (min-width:550px) {\n  #banner-1107900849 {\n    padding-top: 500px;\n  }\n}\n<\/style>\n  <\/div>\n\n\n\n  <div class=\"banner has-hover has-slide-effect slide-zoom-out\" id=\"banner-1104771411\">\n          <div class=\"banner-inner fill\">\n        <div class=\"banner-bg fill\" >\n            <div class=\"bg fill bg-fill \"><\/div>\n                                    \n                    <\/div>\n\t\t\n        <div class=\"banner-layers container\">\n            <div class=\"fill banner-link\"><\/div>            \n   <div id=\"text-box-1301942508\" class=\"text-box banner-layer x85 md-x15 lg-x0 y50 md-y75 lg-y70 res-text\">\n                                <div class=\"text-box-content text dark\">\n              \n              <div class=\"text-inner text-left\">\n                  \n<h2><b>Kasbah Tussna<\/b><\/h2>\n<p>Alojamento en el sur de marruecos<\/p>\n              <\/div>\n           <\/div>\n                            \n<style>\n#text-box-1301942508 {\n  width: 63%;\n}\n#text-box-1301942508 .text-box-content {\n  font-size: 100%;\n}\n@media (min-width:550px) {\n  #text-box-1301942508 {\n    width: 39%;\n  }\n}\n@media (min-width:850px) {\n  #text-box-1301942508 {\n    width: 31%;\n  }\n}\n<\/style>\n    <\/div>\n \n        <\/div>\n      <\/div>\n\n            \n<style>\n#banner-1104771411 {\n  padding-top: 208px;\n}\n#banner-1104771411 .bg.bg-loaded {\n  background-image: url(https:\/\/www.kasbahtussna.com\/wp-content\/uploads\/2023\/08\/062fd12d-dfda-4926-af85-9815d3064fa8-1-1024x768.jpg);\n}\n#banner-1104771411 .bg {\n  background-position: 32% 46%;\n}\n@media (min-width:550px) {\n  #banner-1104771411 {\n    padding-top: 500px;\n  }\n}\n<\/style>\n  <\/div>\n\n\n\n  <div class=\"banner has-hover has-slide-effect slide-zoom-out\" id=\"banner-1555712112\">\n          <div class=\"banner-inner fill\">\n        <div class=\"banner-bg fill\" >\n            <div class=\"bg fill bg-fill \"><\/div>\n                                    \n                    <\/div>\n\t\t\n        <div class=\"banner-layers container\">\n            <div class=\"fill banner-link\"><\/div>            \n   <div id=\"text-box-1252026268\" class=\"text-box banner-layer x50 md-x20 lg-x5 y50 md-y75 lg-y70 res-text\">\n                                <div class=\"text-box-content text dark\">\n              \n              <div class=\"text-inner text-left\">\n                  \n<h2><b>Kasbah Tussna<\/b><\/h2>\n<p>Alojamento en el sur de marruecos<\/p>\n              <\/div>\n           <\/div>\n                            \n<style>\n#text-box-1252026268 {\n  width: 63%;\n}\n#text-box-1252026268 .text-box-content {\n  font-size: 100%;\n}\n@media (min-width:550px) {\n  #text-box-1252026268 {\n    width: 37%;\n  }\n}\n@media (min-width:850px) {\n  #text-box-1252026268 {\n    width: 31%;\n  }\n}\n<\/style>\n    <\/div>\n \n        <\/div>\n      <\/div>\n\n            \n<style>\n#banner-1555712112 {\n  padding-top: 208px;\n}\n#banner-1555712112 .bg.bg-loaded {\n  background-image: url(https:\/\/www.kasbahtussna.com\/wp-content\/uploads\/2021\/02\/kasbahtussna-accomodation-sunshine.jpg);\n}\n#banner-1555712112 .bg {\n  background-position: 43% 66%;\n}\n@media (min-width:550px) {\n  #banner-1555712112 {\n    padding-top: 500px;\n  }\n}\n<\/style>\n  <\/div>\n\n\n\n  <div class=\"banner has-hover has-slide-effect slide-zoom-out\" id=\"banner-348500820\">\n          <div class=\"banner-inner fill\">\n        <div class=\"banner-bg fill\" >\n            <div class=\"bg fill bg-fill \"><\/div>\n                                    \n                    <\/div>\n\t\t\n        <div class=\"banner-layers container\">\n            <div class=\"fill banner-link\"><\/div>            \n   <div id=\"text-box-1888957106\" class=\"text-box banner-layer x50 md-x20 lg-x5 y50 md-y75 lg-y70 res-text\">\n                                <div class=\"text-box-content text dark\">\n              \n              <div class=\"text-inner text-left\">\n                  \n<h2><b>Kasbah Tussna<\/b><\/h2>\n<p>Alojamento en el sur de marruecos<\/p>\n              <\/div>\n           <\/div>\n                            \n<style>\n#text-box-1888957106 {\n  width: 63%;\n}\n#text-box-1888957106 .text-box-content {\n  font-size: 100%;\n}\n@media (min-width:550px) {\n  #text-box-1888957106 {\n    width: 37%;\n  }\n}\n@media (min-width:850px) {\n  #text-box-1888957106 {\n    width: 31%;\n  }\n}\n<\/style>\n    <\/div>\n \n        <\/div>\n      <\/div>\n\n            \n<style>\n#banner-348500820 {\n  padding-top: 208px;\n}\n#banner-348500820 .bg.bg-loaded {\n  background-image: url(https:\/\/www.kasbahtussna.com\/wp-content\/uploads\/2021\/02\/kasbahtussna-garden.jpg);\n}\n#banner-348500820 .bg {\n  background-position: 48% 64%;\n}\n@media (min-width:550px) {\n  #banner-348500820 {\n    padding-top: 500px;\n  }\n}\n<\/style>\n  <\/div>\n\n\n\n  <div class=\"banner has-hover has-slide-effect slide-zoom-out\" id=\"banner-947610982\">\n          <div class=\"banner-inner fill\">\n        <div class=\"banner-bg fill\" >\n            <div class=\"bg fill bg-fill \"><\/div>\n                                    \n                    <\/div>\n\t\t\n        <div class=\"banner-layers container\">\n            <div class=\"fill banner-link\"><\/div>            \n   <div id=\"text-box-124940174\" class=\"text-box banner-layer x50 md-x20 lg-x5 y50 md-y75 lg-y70 res-text\">\n                                <div class=\"text-box-content text dark\">\n              \n              <div class=\"text-inner text-left\">\n                  \n<h2><b>Kasbah Tussna<\/b><\/h2>\n<p>Alojamento en el sur de marruecos<\/p>\n              <\/div>\n           <\/div>\n                            \n<style>\n#text-box-124940174 {\n  width: 63%;\n}\n#text-box-124940174 .text-box-content {\n  font-size: 100%;\n}\n@media (min-width:550px) {\n  #text-box-124940174 {\n    width: 37%;\n  }\n}\n@media (min-width:850px) {\n  #text-box-124940174 {\n    width: 31%;\n  }\n}\n<\/style>\n    <\/div>\n \n        <\/div>\n      <\/div>\n\n            \n<style>\n#banner-947610982 {\n  padding-top: 208px;\n}\n#banner-947610982 .bg.bg-loaded {\n  background-image: url(https:\/\/www.kasbahtussna.com\/wp-content\/uploads\/2021\/02\/Morocco-saharaDesert-Kasbahtussna.jpg);\n}\n#banner-947610982 .bg {\n  background-position: 47% 13%;\n}\n@media (min-width:550px) {\n  #banner-947610982 {\n    padding-top: 500px;\n  }\n}\n<\/style>\n  <\/div>\n\n\n\n  <div class=\"banner has-hover has-slide-effect slide-zoom-out\" id=\"banner-814108344\">\n          <div class=\"banner-inner fill\">\n        <div class=\"banner-bg fill\" >\n            <div class=\"bg fill bg-fill \"><\/div>\n                                    \n                    <\/div>\n\t\t\n        <div class=\"banner-layers container\">\n            <div class=\"fill banner-link\"><\/div>            \n   <div id=\"text-box-429596451\" class=\"text-box banner-layer x50 md-x20 lg-x5 y50 md-y75 lg-y70 res-text\">\n                                <div class=\"text-box-content text dark\">\n              \n              <div class=\"text-inner text-left\">\n                  \n<h2><b>Kasbah Tussna<\/b><\/h2>\n<p>Alojamento en el sur de marruecos<\/p>\n              <\/div>\n           <\/div>\n                            \n<style>\n#text-box-429596451 {\n  width: 63%;\n}\n#text-box-429596451 .text-box-content {\n  font-size: 100%;\n}\n@media (min-width:550px) {\n  #text-box-429596451 {\n    width: 37%;\n  }\n}\n@media (min-width:850px) {\n  #text-box-429596451 {\n    width: 31%;\n  }\n}\n<\/style>\n    <\/div>\n \n        <\/div>\n      <\/div>\n\n            \n<style>\n#banner-814108344 {\n  padding-top: 208px;\n}\n#banner-814108344 .bg.bg-loaded {\n  background-image: url(https:\/\/www.kasbahtussna.com\/wp-content\/uploads\/2021\/08\/treck.jpg);\n}\n#banner-814108344 .bg {\n  background-position: 42% 67%;\n}\n@media (min-width:550px) {\n  #banner-814108344 {\n    padding-top: 500px;\n  }\n}\n<\/style>\n  <\/div>\n\n\n     <\/div>\n\n     <div class=\"loading-spin dark large centered\"><\/div>\n\n\t<\/div>\n\n\n\t<section class=\"section\" id=\"section_1854123172\">\n\t\t<div class=\"bg section-bg fill bg-fill  bg-loaded\" >\n\n\t\t\t\n\t\t\t\n\t\t\t\n\n\t\t<\/div>\n\n\t\t\n\n\t\t<div class=\"section-content relative\">\n\t\t\t\n\t<div id=\"gap-1532695844\" class=\"gap-element clearfix\" style=\"display:block; height:auto;\">\n\t\t\n<style>\n#gap-1532695844 {\n  padding-top: 50px;\n}\n<\/style>\n\t<\/div>\n\t\n<div class=\"row row-small align-center\"  id=\"row-1120121399\">\n\n\t<div id=\"col-929051270\" class=\"col medium-6 small-12 large-6\"  >\n\t\t\t\t<div class=\"col-inner text-center\"  >\n\t\t\t\n\t\t\t\n<h2 style=\"font-weight: 900; color: #c5a46d; font-size: 40px; letter-spacing: -2px;\">Kasbah Tussna<\/h2>\n\t\t<\/div>\n\t\t\t\t\n<style>\n#col-929051270 > .col-inner {\n  padding: 0px 0px 0px 0px;\n  margin: 0px 0px -34px 0px;\n}\n<\/style>\n\t<\/div>\n\n\t\n<\/div>\n<div class=\"row align-center\"  id=\"row-495620947\">\n\n\t<div id=\"col-184797997\" class=\"col medium-9 small-10 large-9\"  >\n\t\t\t\t<div class=\"col-inner\"  >\n\t\t\t\n\t\t\t\n<div class=\"text-center\"><div class=\"is-divider divider clearfix\" style=\"max-width:50px;\"><\/div><\/div>\n<p style=\"text-align: justify;\">Kasbah Tussna est un h\u00e9bergement d\u2019une famille berb\u00e8re, situ\u00e9 entre les neiges des montagnes de l\u2019Atlas, les sables du d\u00e9sert de Merzouga et les montagnes volcaniques du Djebel Saghro. Il est situ\u00e9 \u00e0 9 km de la petite ville commerciale anim\u00e9e du sud du Maroc, Kellaat M\u2019Gouna en tant que capitale des roses o\u00f9 se tient le c\u00e9l\u00e8bre Festival des Roses fin avril.<\/p>\n\t<div class=\"img has-hover x md-x lg-x y md-y lg-y\" id=\"image_993412447\">\n\t\t\t\t\t\t\t\t<div class=\"img-inner dark\" >\n\t\t\t<img loading=\"lazy\" decoding=\"async\" width=\"1020\" height=\"677\" src=\"https:\/\/www.kasbahtussna.com\/wp-content\/uploads\/2022\/03\/m3-1024x680.jpg\" class=\"attachment-large size-large\" alt=\"\" srcset=\"https:\/\/www.kasbahtussna.com\/wp-content\/uploads\/2022\/03\/m3-1024x680.jpg 1024w, https:\/\/www.kasbahtussna.com\/wp-content\/uploads\/2022\/03\/m3-300x199.jpg 300w, https:\/\/www.kasbahtussna.com\/wp-content\/uploads\/2022\/03\/m3-768x510.jpg 768w, https:\/\/www.kasbahtussna.com\/wp-content\/uploads\/2022\/03\/m3-1536x1020.jpg 1536w, https:\/\/www.kasbahtussna.com\/wp-content\/uploads\/2022\/03\/m3.jpg 1600w\" sizes=\"auto, (max-width: 1020px) 100vw, 1020px\" \/>\t\t\t\t\t\t\n\t\t\t\t\t<\/div>\n\t\t\t\t\t\t\t\t\n<style>\n#image_993412447 {\n  width: 100%;\n}\n<\/style>\n\t<\/div>\n\t\n<p style=\"text-align: justify;\">Il est construit en utilisant des mat\u00e9riaux de construction \u00e9cologiques et locaux naturels typiques de la r\u00e9gion, bambou et boue avec lequel il a traditionnellement \u00e9t\u00e9 construit dans la r\u00e9gion. Qui agissent comme une barri\u00e8re protectrice contre le bruit et les temp\u00e9ratures de l\u2019endroit et qu\u2019en m\u00eame temps, il nous permet d\u2019offrir une maison \u00e9cologique, saine, durable et belle en raison de la couleur que la terre lui donne.<\/p>\n<p style=\"text-align: justify;\">Kasbah Tussna dispose de 6 chambres avec salle de bain compl\u00e8te, trois d\u2019entre elles d\u2019une capacit\u00e9 de 4 personnes id\u00e9ales pour une famille ou un groupe d\u2019amis, un salon avec chemin\u00e9e et salle \u00e0 manger et deux terrasses o\u00f9 profiter d\u2019agr\u00e9ables soir\u00e9es entour\u00e9es par la cascade centrale.<\/p>\n<p style=\"text-align: justify;\">Il dispose \u00e9galement d\u2019une grande salle o\u00f9 il est possible d\u2019effectuer du yoga et de la m\u00e9ditation et d\u2019une cuisine pour les cours de cuisine traditionnelle marocaine.<\/p>\n<div class=\"row\"  id=\"row-1784914139\">\n\n\t<div id=\"col-951459721\" class=\"col medium-6 small-12 large-6\"  >\n\t\t\t\t<div class=\"col-inner\"  >\n\t\t\t\n\t\t\t\n\t<div class=\"img has-hover x md-x lg-x y md-y lg-y\" id=\"image_1715449856\">\n\t\t\t\t\t\t\t\t<div class=\"img-inner dark\" >\n\t\t\t<img loading=\"lazy\" decoding=\"async\" width=\"563\" height=\"563\" src=\"https:\/\/www.kasbahtussna.com\/wp-content\/uploads\/2021\/08\/kasbahterace.jpg\" class=\"attachment-original size-original\" alt=\"\" srcset=\"https:\/\/www.kasbahtussna.com\/wp-content\/uploads\/2021\/08\/kasbahterace.jpg 563w, https:\/\/www.kasbahtussna.com\/wp-content\/uploads\/2021\/08\/kasbahterace-300x300.jpg 300w, https:\/\/www.kasbahtussna.com\/wp-content\/uploads\/2021\/08\/kasbahterace-150x150.jpg 150w, https:\/\/www.kasbahtussna.com\/wp-content\/uploads\/2021\/08\/kasbahterace-500x500.jpg 500w, https:\/\/www.kasbahtussna.com\/wp-content\/uploads\/2021\/08\/kasbahterace-400x400.jpg 400w\" sizes=\"auto, (max-width: 563px) 100vw, 563px\" \/>\t\t\t\t\t\t\n\t\t\t\t\t<\/div>\n\t\t\t\t\t\t\t\t\n<style>\n#image_1715449856 {\n  width: 100%;\n}\n<\/style>\n\t<\/div>\n\t\n\t\t<\/div>\n\t\t\t\t\t<\/div>\n\n\t\n\n\t<div id=\"col-583317967\" class=\"col medium-6 small-12 large-6\"  >\n\t\t\t\t<div class=\"col-inner\"  >\n\t\t\t\n\t\t\t\n\t<div class=\"img has-hover x md-x lg-x y md-y lg-y\" id=\"image_685742480\">\n\t\t\t\t\t\t\t\t<div class=\"img-inner dark\" >\n\t\t\t<img loading=\"lazy\" decoding=\"async\" width=\"563\" height=\"563\" src=\"https:\/\/www.kasbahtussna.com\/wp-content\/uploads\/2021\/08\/kasbahresturant.jpg\" class=\"attachment-original size-original\" alt=\"\" srcset=\"https:\/\/www.kasbahtussna.com\/wp-content\/uploads\/2021\/08\/kasbahresturant.jpg 563w, https:\/\/www.kasbahtussna.com\/wp-content\/uploads\/2021\/08\/kasbahresturant-300x300.jpg 300w, https:\/\/www.kasbahtussna.com\/wp-content\/uploads\/2021\/08\/kasbahresturant-150x150.jpg 150w, https:\/\/www.kasbahtussna.com\/wp-content\/uploads\/2021\/08\/kasbahresturant-500x500.jpg 500w, https:\/\/www.kasbahtussna.com\/wp-content\/uploads\/2021\/08\/kasbahresturant-400x400.jpg 400w\" sizes=\"auto, (max-width: 563px) 100vw, 563px\" \/>\t\t\t\t\t\t\n\t\t\t\t\t<\/div>\n\t\t\t\t\t\t\t\t\n<style>\n#image_685742480 {\n  width: 100%;\n}\n<\/style>\n\t<\/div>\n\t\n\t\t<\/div>\n\t\t\t\t\t<\/div>\n\n\t\n<\/div>\n<p>De la Kasbah, vous serez connect\u00e9 au reste du monde via notre r\u00e9seau Wifi. Nous avons \u00e9galement un grand parking pour les v\u00e9hicules. Les diff\u00e9rents repas typiques de la Kasbah Tussna sont servis dans notre salon ou dans l\u2019une des terrasses de la Kasbah.<\/p>\n\t<div class=\"img has-hover x md-x lg-x y md-y lg-y\" id=\"image_1004541054\">\n\t\t\t\t\t\t\t\t<div class=\"img-inner dark\" >\n\t\t\t<img loading=\"lazy\" decoding=\"async\" width=\"1020\" height=\"765\" src=\"https:\/\/www.kasbahtussna.com\/wp-content\/uploads\/2023\/08\/062fd12d-dfda-4926-af85-9815d3064fa8-1-1024x768.jpg\" class=\"attachment-large size-large\" alt=\"\" srcset=\"https:\/\/www.kasbahtussna.com\/wp-content\/uploads\/2023\/08\/062fd12d-dfda-4926-af85-9815d3064fa8-1-1024x768.jpg 1024w, https:\/\/www.kasbahtussna.com\/wp-content\/uploads\/2023\/08\/062fd12d-dfda-4926-af85-9815d3064fa8-1-300x225.jpg 300w, https:\/\/www.kasbahtussna.com\/wp-content\/uploads\/2023\/08\/062fd12d-dfda-4926-af85-9815d3064fa8-1-768x576.jpg 768w, https:\/\/www.kasbahtussna.com\/wp-content\/uploads\/2023\/08\/062fd12d-dfda-4926-af85-9815d3064fa8-1-1536x1152.jpg 1536w, https:\/\/www.kasbahtussna.com\/wp-content\/uploads\/2023\/08\/062fd12d-dfda-4926-af85-9815d3064fa8-1.jpg 1600w\" sizes=\"auto, (max-width: 1020px) 100vw, 1020px\" \/>\t\t\t\t\t\t\n\t\t\t\t\t<\/div>\n\t\t\t\t\t\t\t\t\n<style>\n#image_1004541054 {\n  width: 100%;\n}\n<\/style>\n\t<\/div>\n\t\n\t<div class=\"img has-hover x md-x lg-x y md-y lg-y\" id=\"image_668429542\">\n\t\t\t\t\t\t\t\t<div class=\"img-inner dark\" >\n\t\t\t<img loading=\"lazy\" decoding=\"async\" width=\"1020\" height=\"677\" src=\"https:\/\/www.kasbahtussna.com\/wp-content\/uploads\/2022\/03\/mz1-1024x680.jpg\" class=\"attachment-large size-large\" alt=\"\" srcset=\"https:\/\/www.kasbahtussna.com\/wp-content\/uploads\/2022\/03\/mz1-1024x680.jpg 1024w, https:\/\/www.kasbahtussna.com\/wp-content\/uploads\/2022\/03\/mz1-300x199.jpg 300w, https:\/\/www.kasbahtussna.com\/wp-content\/uploads\/2022\/03\/mz1-768x510.jpg 768w, https:\/\/www.kasbahtussna.com\/wp-content\/uploads\/2022\/03\/mz1-1536x1020.jpg 1536w, https:\/\/www.kasbahtussna.com\/wp-content\/uploads\/2022\/03\/mz1.jpg 1600w\" sizes=\"auto, (max-width: 1020px) 100vw, 1020px\" \/>\t\t\t\t\t\t\n\t\t\t\t\t<\/div>\n\t\t\t\t\t\t\t\t\n<style>\n#image_668429542 {\n  width: 100%;\n}\n<\/style>\n\t<\/div>\n\t\n\t\t<\/div>\n\t\t\t\t\t<\/div>\n\n\t\n<\/div>\n\t\t<\/div>\n\n\t\t\n<style>\n#section_1854123172 {\n  padding-top: 20px;\n  padding-bottom: 20px;\n}\n<\/style>\n\t<\/section>\n\t\n","protected":false},"excerpt":{"rendered":"","protected":false},"author":1,"featured_media":0,"parent":0,"menu_order":0,"comment_status":"closed","ping_status":"closed","template":"page-blank.php","meta":{"footnotes":""},"class_list":["post-669","page","type-page","status-publish","hentry"],"jetpack_sharing_enabled":true,"_links":{"self":[{"href":"https:\/\/www.kasbahtussna.com\/fr\/wp-json\/wp\/v2\/pages\/669","targetHints":{"allow":["GET"]}}],"collection":[{"href":"https:\/\/www.kasbahtussna.com\/fr\/wp-json\/wp\/v2\/pages"}],"about":[{"href":"https:\/\/www.kasbahtussna.com\/fr\/wp-json\/wp\/v2\/types\/page"}],"author":[{"embeddable":true,"href":"https:\/\/www.kasbahtussna.com\/fr\/wp-json\/wp\/v2\/users\/1"}],"replies":[{"embeddable":true,"href":"https:\/\/www.kasbahtussna.com\/fr\/wp-json\/wp\/v2\/comments?post=669"}],"version-history":[{"count":18,"href":"https:\/\/www.kasbahtussna.com\/fr\/wp-json\/wp\/v2\/pages\/669\/revisions"}],"predecessor-version":[{"id":1254,"href":"https:\/\/www.kasbahtussna.com\/fr\/wp-json\/wp\/v2\/pages\/669\/revisions\/1254"}],"wp:attachment":[{"href":"https:\/\/www.kasbahtussna.com\/fr\/wp-json\/wp\/v2\/media?parent=669"}],"curies":[{"name":"wp","href":"https:\/\/api.w.org\/{rel}","templated":true}]}}