{"id":24,"date":"2019-07-01T12:42:14","date_gmt":"2019-07-01T12:42:14","guid":{"rendered":"https:\/\/kasbahtussna.com\/?page_id=24"},"modified":"2026-03-06T00:36:05","modified_gmt":"2026-03-06T00:36:05","slug":"tarifas-y-reservas","status":"publish","type":"page","link":"https:\/\/www.kasbahtussna.com\/es\/tarifas-y-reservas\/","title":{"rendered":"Tarifas y reservas"},"content":{"rendered":"\t<section class=\"section\" id=\"section_380007301\">\n\t\t<div class=\"bg section-bg fill bg-fill  bg-loaded\" >\n\n\t\t\t\n\t\t\t<div class=\"section-bg-overlay absolute fill\"><\/div><div class=\"effect-snow bg-effect fill no-click\"><\/div>\n\t\t\t\n\n\t\t<\/div>\n\n\t\t\n\n\t\t<div class=\"section-content relative\">\n\t\t\t\r\n\r\n\t<div id=\"gap-1301184292\" class=\"gap-element clearfix\" style=\"display:block; height:auto;\">\n\t\t\n<style>\n#gap-1301184292 {\n  padding-top: 30px;\n}\n<\/style>\n\t<\/div>\n\t\r\n\r\n<div class=\"row\"  id=\"row-1574999677\">\r\n\r\n\n\t<div id=\"col-637827302\" class=\"col medium-8 small-12 large-8\"  >\n\t\t\t\t<div class=\"col-inner\"  >\n\t\t\t\n\t\t\t\r\n<h3>Tarifas 2026<\/h3>\r\n<\/p><ul class=\"wp-block-list\"><li>Desayuno incluido<\/li><\/ul><table class=\"wp-block-table\"><tbody><tr style=\"background: #4867ab; padding: 2px !important; padding-left: 7px !important;\"><td style=\"padding-left: 10px; border-right: 1px solid beige;\"><strong><em style=\"color: wheat;\">Habitaci\u00f3n\u00a0doble <\/em><\/strong>\u00a0<\/td><td><strong><em style=\"color: wheat;\">Con desayuno<\/em><\/strong><strong><em>\u00a0<\/em><\/strong><\/td><\/tr><tr><td style=\"border-right: 1px solid #d0d0d0;\">2 personas<\/td><td>55\u20ac<\/td><\/tr><tr><td style=\"border-right: 1px solid #d0d0d0;\">1 persona<\/td><td>45 \u20ac<\/td><\/tr><tr style=\"background: #a9aeb9;\"><td style=\"padding-left: 10px; border-right: 1px solid beige;\"><strong><em style=\"color: white;\">Cama supletoria<\/em><\/strong><\/td><td style=\"color: white;\">20 \u20ac<\/td><\/tr><\/tbody><\/table><p>NB: es posible\u00a0 reservar toda la kasbah y disfrutar de nuestras ofertas y promociones. 18 personas<\/p><p><strong>Para m\u00e1s informaci\u00f2n contactanos : \u00a0kasbahtussna@gmail.com<\/strong><\/p><p>\r\n\r\n\t\t<\/div>\n\t\t\t\t\t<\/div>\n\n\t\r\n\n\t<div id=\"col-1234647486\" class=\"col medium-4 small-12 large-4\"  >\n\t\t\t\t<div class=\"col-inner\"  >\n\t\t\t\n\t\t\t\r\n\r\n\n  <div class=\"banner has-hover\" id=\"banner-731321706\">\n          <div class=\"banner-inner fill\">\n        <div class=\"banner-bg fill\" >\n            <div class=\"bg fill bg-fill \"><\/div>\n                        <div class=\"overlay\"><\/div>            \n                    <\/div>\n\t\t\n        <div class=\"banner-layers container\">\n            <div class=\"fill banner-link\"><\/div>            \r\n\r\n   <div id=\"text-box-135051873\" class=\"text-box banner-layer x50 md-x50 lg-x50 y50 md-y50 lg-y50 res-text\">\n                                <div class=\"text-box-content text dark\">\n              \n              <div class=\"text-inner text-center\">\n                  \r\n\r\n<\/p>\r\n<h3 class=\"uppercase\"><strong>Tarifas y reservas<\/strong><\/h3>\r\n<p style=\"font-size: 14px; text-align: justify;\">Si quieres ponerte en contacto con nosotros para cualquier aclaraci\u00f3n, pedir m\u00e1s informaci\u00f3n sobre nuestras servici o realizar una reserva no dudes en rellenar el siguiente formulario .<\/p>\r\n<p>\r\n<a href=\"https:\/\/kasbahtussna.com\/contacto\/\" target=\"_self\" class=\"button secondary is-xlarge box-shadow-2-hover\"  >\n    <span>Reservar<\/span>\n  <\/a>\n\r\n\r\n\r\n              <\/div>\n           <\/div>\n                            \n<style>\n#text-box-135051873 {\n  width: 60%;\n}\n#text-box-135051873 .text-box-content {\n  font-size: 100%;\n}\n<\/style>\n    <\/div>\n \r\n\r\n        <\/div>\n      <\/div>\n\n            \n<style>\n#banner-731321706 {\n  padding-top: 500px;\n}\n#banner-731321706 .bg.bg-loaded {\n  background-image: url(https:\/\/www.kasbahtussna.com\/wp-content\/uploads\/2020\/01\/90404200-0632-4a70-802b-044811dfef04-768x1024.jpg);\n}\n#banner-731321706 .overlay {\n  background-color: rgba(0, 0, 0, 0.26);\n}\n#banner-731321706 .bg {\n  background-position: 66% 73%;\n}\n<\/style>\n  <\/div>\n\n\r\n\r\n\t\t<\/div>\n\t\t\t\t\t<\/div>\n\n\t\r\n\r\n<\/div>\r\n\r\n\t\t<\/div>\n\n\t\t\n<style>\n#section_380007301 {\n  padding-top: 0px;\n  padding-bottom: 0px;\n}\n#section_380007301 .section-bg-overlay {\n  background-color: rgb(240, 240, 240);\n}\n<\/style>\n\t<\/section>\n\t\r\n<p>\r\n<\/p>","protected":false},"excerpt":{"rendered":"","protected":false},"author":1,"featured_media":0,"parent":0,"menu_order":0,"comment_status":"closed","ping_status":"closed","template":"","meta":{"footnotes":""},"class_list":["post-24","page","type-page","status-publish","hentry"],"jetpack_sharing_enabled":true,"_links":{"self":[{"href":"https:\/\/www.kasbahtussna.com\/es\/wp-json\/wp\/v2\/pages\/24","targetHints":{"allow":["GET"]}}],"collection":[{"href":"https:\/\/www.kasbahtussna.com\/es\/wp-json\/wp\/v2\/pages"}],"about":[{"href":"https:\/\/www.kasbahtussna.com\/es\/wp-json\/wp\/v2\/types\/page"}],"author":[{"embeddable":true,"href":"https:\/\/www.kasbahtussna.com\/es\/wp-json\/wp\/v2\/users\/1"}],"replies":[{"embeddable":true,"href":"https:\/\/www.kasbahtussna.com\/es\/wp-json\/wp\/v2\/comments?post=24"}],"version-history":[{"count":34,"href":"https:\/\/www.kasbahtussna.com\/es\/wp-json\/wp\/v2\/pages\/24\/revisions"}],"predecessor-version":[{"id":1253,"href":"https:\/\/www.kasbahtussna.com\/es\/wp-json\/wp\/v2\/pages\/24\/revisions\/1253"}],"wp:attachment":[{"href":"https:\/\/www.kasbahtussna.com\/es\/wp-json\/wp\/v2\/media?parent=24"}],"curies":[{"name":"wp","href":"https:\/\/api.w.org\/{rel}","templated":true}]}}