{"id":20,"date":"2019-07-01T12:41:32","date_gmt":"2019-07-01T12:41:32","guid":{"rendered":"https:\/\/kasbahtussna.com\/?page_id=20"},"modified":"2026-03-06T00:44:26","modified_gmt":"2026-03-06T00:44:26","slug":"la-kasbah","status":"publish","type":"page","link":"https:\/\/www.kasbahtussna.com\/es\/","title":{"rendered":"La kasbah"},"content":{"rendered":"<div class=\"slider-wrapper relative\" id=\"slider-85715485\" >\n    <div class=\"slider slider-nav-circle slider-nav-large slider-nav-light slider-style-normal\"\n        data-flickity-options='{\n            \"cellAlign\": \"center\",\n            \"imagesLoaded\": true,\n            \"lazyLoad\": 1,\n            \"freeScroll\": false,\n            \"wrapAround\": true,\n            \"autoPlay\": 3000,\n            \"pauseAutoPlayOnHover\" : true,\n            \"prevNextButtons\": true,\n            \"contain\" : true,\n            \"adaptiveHeight\" : true,\n            \"dragThreshold\" : 10,\n            \"percentPosition\": true,\n            \"pageDots\": true,\n            \"rightToLeft\": false,\n            \"draggable\": true,\n            \"selectedAttraction\": 0.1,\n            \"parallax\" : 0,\n            \"friction\": 0.6        }'\n        >\n        \n\n  <div class=\"banner has-hover has-slide-effect slide-zoom-out\" id=\"banner-1749854967\">\n          <div class=\"banner-inner fill\">\n        <div class=\"banner-bg fill\" >\n            <div class=\"bg fill bg-fill \"><\/div>\n                                    \n                    <\/div>\n\t\t\n        <div class=\"banner-layers container\">\n            <div class=\"fill banner-link\"><\/div>            \n   <div id=\"text-box-803790423\" class=\"text-box banner-layer x85 md-x15 lg-x10 y50 md-y75 lg-y70 res-text\">\n                                <div class=\"text-box-content text dark\">\n              \n              <div class=\"text-inner text-left\">\n                  \n<h2><b>Kasbah Tussna<\/b><\/h2>\n<p>Alojamento en el sur de marruecos<\/p>\n              <\/div>\n           <\/div>\n                            \n<style>\n#text-box-803790423 {\n  width: 63%;\n}\n#text-box-803790423 .text-box-content {\n  font-size: 100%;\n}\n@media (min-width:550px) {\n  #text-box-803790423 {\n    width: 39%;\n  }\n}\n@media (min-width:850px) {\n  #text-box-803790423 {\n    width: 31%;\n  }\n}\n<\/style>\n    <\/div>\n \n        <\/div>\n      <\/div>\n\n            \n<style>\n#banner-1749854967 {\n  padding-top: 208px;\n}\n#banner-1749854967 .bg.bg-loaded {\n  background-image: url(https:\/\/www.kasbahtussna.com\/wp-content\/uploads\/2021\/02\/kasbahtussna-gate-enterence.jpg);\n}\n#banner-1749854967 .bg {\n  background-position: 33% 59%;\n}\n@media (min-width:550px) {\n  #banner-1749854967 {\n    padding-top: 500px;\n  }\n}\n<\/style>\n  <\/div>\n\n\n\n  <div class=\"banner has-hover has-slide-effect slide-zoom-out\" id=\"banner-905067883\">\n          <div class=\"banner-inner fill\">\n        <div class=\"banner-bg fill\" >\n            <div class=\"bg fill bg-fill \"><\/div>\n                                    \n                    <\/div>\n\t\t\n        <div class=\"banner-layers container\">\n            <div class=\"fill banner-link\"><\/div>            \n   <div id=\"text-box-1071219396\" class=\"text-box banner-layer x85 md-x15 lg-x10 y50 md-y75 lg-y70 res-text\">\n                                <div class=\"text-box-content text dark\">\n              \n              <div class=\"text-inner text-left\">\n                  \n<h2><b>Kasbah Tussna<\/b><\/h2>\n<p>Alojamento en el sur de marruecos<\/p>\n              <\/div>\n           <\/div>\n                            \n<style>\n#text-box-1071219396 {\n  width: 63%;\n}\n#text-box-1071219396 .text-box-content {\n  font-size: 100%;\n}\n@media (min-width:550px) {\n  #text-box-1071219396 {\n    width: 39%;\n  }\n}\n@media (min-width:850px) {\n  #text-box-1071219396 {\n    width: 31%;\n  }\n}\n<\/style>\n    <\/div>\n \n        <\/div>\n      <\/div>\n\n            \n<style>\n#banner-905067883 {\n  padding-top: 208px;\n}\n#banner-905067883 .bg.bg-loaded {\n  background-image: url(https:\/\/www.kasbahtussna.com\/wp-content\/uploads\/2023\/08\/062fd12d-dfda-4926-af85-9815d3064fa8-1-1024x768.jpg);\n}\n#banner-905067883 .bg {\n  background-position: 40% 47%;\n}\n@media (min-width:550px) {\n  #banner-905067883 {\n    padding-top: 500px;\n  }\n}\n<\/style>\n  <\/div>\n\n\n\n  <div class=\"banner has-hover has-slide-effect slide-zoom-out\" id=\"banner-1323317984\">\n          <div class=\"banner-inner fill\">\n        <div class=\"banner-bg fill\" >\n            <div class=\"bg fill bg-fill \"><\/div>\n                                    \n                    <\/div>\n\t\t\n        <div class=\"banner-layers container\">\n            <div class=\"fill banner-link\"><\/div>            \n   <div id=\"text-box-970325323\" class=\"text-box banner-layer x50 md-x20 lg-x10 y50 md-y75 lg-y70 res-text\">\n                                <div class=\"text-box-content text dark\">\n              \n              <div class=\"text-inner text-left\">\n                  \n<h2><b>Kasbah Tussna<\/b><\/h2>\n<p>Alojamento en el sur de marruecos<\/p>\n              <\/div>\n           <\/div>\n                            \n<style>\n#text-box-970325323 {\n  width: 63%;\n}\n#text-box-970325323 .text-box-content {\n  font-size: 100%;\n}\n@media (min-width:550px) {\n  #text-box-970325323 {\n    width: 37%;\n  }\n}\n@media (min-width:850px) {\n  #text-box-970325323 {\n    width: 31%;\n  }\n}\n<\/style>\n    <\/div>\n \n        <\/div>\n      <\/div>\n\n            \n<style>\n#banner-1323317984 {\n  padding-top: 208px;\n}\n#banner-1323317984 .bg.bg-loaded {\n  background-image: url(https:\/\/www.kasbahtussna.com\/wp-content\/uploads\/2021\/02\/kasbahtussna-accomodation-sunshine.jpg);\n}\n#banner-1323317984 .bg {\n  background-position: 43% 66%;\n}\n@media (min-width:550px) {\n  #banner-1323317984 {\n    padding-top: 500px;\n  }\n}\n<\/style>\n  <\/div>\n\n\n\n  <div class=\"banner has-hover has-slide-effect slide-zoom-out\" id=\"banner-1903750600\">\n          <div class=\"banner-inner fill\">\n        <div class=\"banner-bg fill\" >\n            <div class=\"bg fill bg-fill \"><\/div>\n                                    \n                    <\/div>\n\t\t\n        <div class=\"banner-layers container\">\n            <div class=\"fill banner-link\"><\/div>            \n   <div id=\"text-box-473938374\" class=\"text-box banner-layer x50 md-x20 lg-x10 y50 md-y75 lg-y70 res-text\">\n                                <div class=\"text-box-content text dark\">\n              \n              <div class=\"text-inner text-left\">\n                  \n<h2><b>Kasbah Tussna<\/b><\/h2>\n<p>Alojamento en el sur de marruecos<\/p>\n              <\/div>\n           <\/div>\n                            \n<style>\n#text-box-473938374 {\n  width: 63%;\n}\n#text-box-473938374 .text-box-content {\n  font-size: 100%;\n}\n@media (min-width:550px) {\n  #text-box-473938374 {\n    width: 37%;\n  }\n}\n@media (min-width:850px) {\n  #text-box-473938374 {\n    width: 31%;\n  }\n}\n<\/style>\n    <\/div>\n \n        <\/div>\n      <\/div>\n\n            \n<style>\n#banner-1903750600 {\n  padding-top: 208px;\n}\n#banner-1903750600 .bg.bg-loaded {\n  background-image: url(https:\/\/www.kasbahtussna.com\/wp-content\/uploads\/2021\/02\/kasbahtussna-garden.jpg);\n}\n#banner-1903750600 .bg {\n  background-position: 48% 64%;\n}\n@media (min-width:550px) {\n  #banner-1903750600 {\n    padding-top: 500px;\n  }\n}\n<\/style>\n  <\/div>\n\n\n\n  <div class=\"banner has-hover has-slide-effect slide-zoom-out\" id=\"banner-1136694646\">\n          <div class=\"banner-inner fill\">\n        <div class=\"banner-bg fill\" >\n            <div class=\"bg fill bg-fill \"><\/div>\n                                    \n                    <\/div>\n\t\t\n        <div class=\"banner-layers container\">\n            <div class=\"fill banner-link\"><\/div>            \n   <div id=\"text-box-1286320339\" class=\"text-box banner-layer x50 md-x20 lg-x10 y50 md-y75 lg-y70 res-text\">\n                                <div class=\"text-box-content text dark\">\n              \n              <div class=\"text-inner text-left\">\n                  \n<h2><b>Kasbah Tussna<\/b><\/h2>\n<p>Alojamento en el sur de marruecos<\/p>\n              <\/div>\n           <\/div>\n                            \n<style>\n#text-box-1286320339 {\n  width: 63%;\n}\n#text-box-1286320339 .text-box-content {\n  font-size: 100%;\n}\n@media (min-width:550px) {\n  #text-box-1286320339 {\n    width: 37%;\n  }\n}\n@media (min-width:850px) {\n  #text-box-1286320339 {\n    width: 31%;\n  }\n}\n<\/style>\n    <\/div>\n \n        <\/div>\n      <\/div>\n\n            \n<style>\n#banner-1136694646 {\n  padding-top: 208px;\n}\n#banner-1136694646 .bg.bg-loaded {\n  background-image: url(https:\/\/www.kasbahtussna.com\/wp-content\/uploads\/2021\/02\/Morocco-saharaDesert-Kasbahtussna.jpg);\n}\n#banner-1136694646 .bg {\n  background-position: 47% 13%;\n}\n@media (min-width:550px) {\n  #banner-1136694646 {\n    padding-top: 500px;\n  }\n}\n<\/style>\n  <\/div>\n\n\n\n  <div class=\"banner has-hover has-slide-effect slide-zoom-out\" id=\"banner-203549792\">\n          <div class=\"banner-inner fill\">\n        <div class=\"banner-bg fill\" >\n            <div class=\"bg fill bg-fill \"><\/div>\n                                    \n                    <\/div>\n\t\t\n        <div class=\"banner-layers container\">\n            <div class=\"fill banner-link\"><\/div>            \n   <div id=\"text-box-1385596432\" class=\"text-box banner-layer x50 md-x20 lg-x10 y50 md-y75 lg-y70 res-text\">\n                                <div class=\"text-box-content text dark\">\n              \n              <div class=\"text-inner text-left\">\n                  \n<h2><b>Kasbah Tussna<\/b><\/h2>\n<p>Alojamento en el sur de marruecos<\/p>\n              <\/div>\n           <\/div>\n                            \n<style>\n#text-box-1385596432 {\n  width: 63%;\n}\n#text-box-1385596432 .text-box-content {\n  font-size: 100%;\n}\n@media (min-width:550px) {\n  #text-box-1385596432 {\n    width: 37%;\n  }\n}\n@media (min-width:850px) {\n  #text-box-1385596432 {\n    width: 31%;\n  }\n}\n<\/style>\n    <\/div>\n \n        <\/div>\n      <\/div>\n\n            \n<style>\n#banner-203549792 {\n  padding-top: 208px;\n}\n#banner-203549792 .bg.bg-loaded {\n  background-image: url(https:\/\/www.kasbahtussna.com\/wp-content\/uploads\/2021\/08\/treck.jpg);\n}\n#banner-203549792 .bg {\n  background-position: 29% 60%;\n}\n@media (min-width:550px) {\n  #banner-203549792 {\n    padding-top: 500px;\n  }\n}\n<\/style>\n  <\/div>\n\n\n     <\/div>\n\n     <div class=\"loading-spin dark large centered\"><\/div>\n\n\t<\/div>\n\n\n\t<section class=\"section\" id=\"section_661146108\">\n\t\t<div class=\"bg section-bg fill bg-fill  bg-loaded\" >\n\n\t\t\t\n\t\t\t\n\t\t\t\n\n\t\t<\/div>\n\n\t\t\n\n\t\t<div class=\"section-content relative\">\n\t\t\t\n\t<div id=\"gap-379549544\" class=\"gap-element clearfix\" style=\"display:block; height:auto;\">\n\t\t\n<style>\n#gap-379549544 {\n  padding-top: 50px;\n}\n<\/style>\n\t<\/div>\n\t\n<div class=\"row row-small align-center\"  id=\"row-617991653\">\n\n\t<div id=\"col-859645506\" class=\"col medium-6 small-12 large-6\"  >\n\t\t\t\t<div class=\"col-inner text-center\"  >\n\t\t\t\n\t\t\t\n<h2 style=\"font-weight: 900;color: #C5A46D;font-size: 40px;letter-spacing: -2px;\"><span style=\"font-weight: 100;\">La<\/span> Kasbah Tussna<\/h2>\n\t\t<\/div>\n\t\t\t\t\n<style>\n#col-859645506 > .col-inner {\n  padding: 0px 0px 0px 0px;\n  margin: 0px 0px -34px 0px;\n}\n<\/style>\n\t<\/div>\n\n\t\n<\/div>\n<div class=\"row align-center\"  id=\"row-1737459883\">\n\n\t<div id=\"col-1589528297\" class=\"col medium-9 small-10 large-9\"  >\n\t\t\t\t<div class=\"col-inner\"  >\n\t\t\t\n\t\t\t\n<div class=\"text-center\"><div class=\"is-divider divider clearfix\" style=\"max-width:50px;\"><\/div><\/div>\n<p style=\"text-align:justify;\">La Kasbah Tussna es un alojamiento de una familia bereber, emplazada entre las nieves de las monta\u00f1as del Atlas, las Arenas del desierto de Merzouga y las monta\u00f1as volc\u00e1nicas de Djebel Saghro. Se encuentra en las afueras de la peque\u00f1a y bulliciosa ciudad comercial del Sur de Marruecos, Kellaat M\u2019Gouna, la capital de las rosas donde a finales del mes de abril se celebra el famoso Festival de las Rosas de Marruecos.<\/p>\n\t<div class=\"img has-hover x md-x lg-x y md-y lg-y\" id=\"image_338046251\">\n\t\t\t\t\t\t\t\t<div class=\"img-inner dark\" >\n\t\t\t<img loading=\"lazy\" decoding=\"async\" width=\"1020\" height=\"677\" src=\"https:\/\/www.kasbahtussna.com\/wp-content\/uploads\/2022\/03\/m3-1024x680.jpg\" class=\"attachment-large size-large\" alt=\"\" srcset=\"https:\/\/www.kasbahtussna.com\/wp-content\/uploads\/2022\/03\/m3-1024x680.jpg 1024w, https:\/\/www.kasbahtussna.com\/wp-content\/uploads\/2022\/03\/m3-300x199.jpg 300w, https:\/\/www.kasbahtussna.com\/wp-content\/uploads\/2022\/03\/m3-768x510.jpg 768w, https:\/\/www.kasbahtussna.com\/wp-content\/uploads\/2022\/03\/m3-1536x1020.jpg 1536w, https:\/\/www.kasbahtussna.com\/wp-content\/uploads\/2022\/03\/m3.jpg 1600w\" sizes=\"auto, (max-width: 1020px) 100vw, 1020px\" \/>\t\t\t\t\t\t\n\t\t\t\t\t<\/div>\n\t\t\t\t\t\t\t\t\n<style>\n#image_338046251 {\n  width: 100%;\n}\n<\/style>\n\t<\/div>\n\t\n<p style=\"text-align:justify;\">Est\u00e1 construida utilizando materiales de construcci\u00f3n naturales ecol\u00f3gicos y locales t\u00edpicos de la zona, el adobe y el ca\u00f1izo con los que tradicionalmente se ha construido en la regi\u00f3n que act\u00faan como una barrera de protecci\u00f3n contra los ruidos y las temperaturas del lugar y que al mismo tiempo nos permite ofrecer una vivienda ecol\u00f3gica, sana, sostenible y de gran belleza por el color que le da la tierra.<\/p>\n<p style=\"text-align:justify;\">Dispone de 6 habitaciones con cuarto de ba\u00f1o completo, tres de ellas con capacidad para 4 personas ideales para una familia o un grupo de amigos, un sal\u00f3n con chimenea y comedor y dos terrazas donde disfrutar de agradables veladas arropados por la cascada central del patio principal. Cuenta adem\u00e1s, con una gran sala donde es posible realizar yoga y meditaci\u00f3n y una cocina para los talleres de cocina tradicional marroqu\u00ed.<\/p>\n<div class=\"row\"  id=\"row-272377856\">\n\n\t<div id=\"col-195976950\" class=\"col medium-6 small-12 large-6\"  >\n\t\t\t\t<div class=\"col-inner\"  >\n\t\t\t\n\t\t\t\n\t<div class=\"img has-hover x md-x lg-x y md-y lg-y\" id=\"image_987298670\">\n\t\t\t\t\t\t\t\t<div class=\"img-inner dark\" >\n\t\t\t<img loading=\"lazy\" decoding=\"async\" width=\"563\" height=\"563\" src=\"https:\/\/www.kasbahtussna.com\/wp-content\/uploads\/2021\/08\/kasbahterace.jpg\" class=\"attachment-original size-original\" alt=\"\" srcset=\"https:\/\/www.kasbahtussna.com\/wp-content\/uploads\/2021\/08\/kasbahterace.jpg 563w, https:\/\/www.kasbahtussna.com\/wp-content\/uploads\/2021\/08\/kasbahterace-300x300.jpg 300w, https:\/\/www.kasbahtussna.com\/wp-content\/uploads\/2021\/08\/kasbahterace-150x150.jpg 150w, https:\/\/www.kasbahtussna.com\/wp-content\/uploads\/2021\/08\/kasbahterace-500x500.jpg 500w, https:\/\/www.kasbahtussna.com\/wp-content\/uploads\/2021\/08\/kasbahterace-400x400.jpg 400w\" sizes=\"auto, (max-width: 563px) 100vw, 563px\" \/>\t\t\t\t\t\t\n\t\t\t\t\t<\/div>\n\t\t\t\t\t\t\t\t\n<style>\n#image_987298670 {\n  width: 100%;\n}\n<\/style>\n\t<\/div>\n\t\n\t\t<\/div>\n\t\t\t\t\t<\/div>\n\n\t\n\n\t<div id=\"col-1981450890\" class=\"col medium-6 small-12 large-6\"  >\n\t\t\t\t<div class=\"col-inner\"  >\n\t\t\t\n\t\t\t\n\t<div class=\"img has-hover x md-x lg-x y md-y lg-y\" id=\"image_2045785626\">\n\t\t\t\t\t\t\t\t<div class=\"img-inner dark\" >\n\t\t\t<img loading=\"lazy\" decoding=\"async\" width=\"563\" height=\"563\" src=\"https:\/\/www.kasbahtussna.com\/wp-content\/uploads\/2021\/08\/kasbahresturant.jpg\" class=\"attachment-original size-original\" alt=\"\" srcset=\"https:\/\/www.kasbahtussna.com\/wp-content\/uploads\/2021\/08\/kasbahresturant.jpg 563w, https:\/\/www.kasbahtussna.com\/wp-content\/uploads\/2021\/08\/kasbahresturant-300x300.jpg 300w, https:\/\/www.kasbahtussna.com\/wp-content\/uploads\/2021\/08\/kasbahresturant-150x150.jpg 150w, https:\/\/www.kasbahtussna.com\/wp-content\/uploads\/2021\/08\/kasbahresturant-500x500.jpg 500w, https:\/\/www.kasbahtussna.com\/wp-content\/uploads\/2021\/08\/kasbahresturant-400x400.jpg 400w\" sizes=\"auto, (max-width: 563px) 100vw, 563px\" \/>\t\t\t\t\t\t\n\t\t\t\t\t<\/div>\n\t\t\t\t\t\t\t\t\n<style>\n#image_2045785626 {\n  width: 100%;\n}\n<\/style>\n\t<\/div>\n\t\n\t\t<\/div>\n\t\t\t\t\t<\/div>\n\n\t\n<\/div>\n<p style=\"text-align:justify;\">Desde la Kasbah estar\u00e1s conectado con el resto del mundo a trav\u00e9s de nuestra Red Wifi.<\/p>\n<p style=\"text-align:justify;\">Tambi\u00e9n contamos con una amplia zona de estacionamiento de veh\u00edculos. Las diferentes comidas t\u00edpicas de la Kasbah Tussna se sirven en nuestro Sal\u00f3n o en cualquiera de las terrazas de la Kasbah.<\/p>\n\t<div class=\"img has-hover x md-x lg-x y md-y lg-y\" id=\"image_853712641\">\n\t\t\t\t\t\t\t\t<div class=\"img-inner dark\" >\n\t\t\t<img loading=\"lazy\" decoding=\"async\" width=\"1020\" height=\"765\" src=\"https:\/\/www.kasbahtussna.com\/wp-content\/uploads\/2023\/08\/062fd12d-dfda-4926-af85-9815d3064fa8-1-1024x768.jpg\" class=\"attachment-large size-large\" alt=\"\" srcset=\"https:\/\/www.kasbahtussna.com\/wp-content\/uploads\/2023\/08\/062fd12d-dfda-4926-af85-9815d3064fa8-1-1024x768.jpg 1024w, https:\/\/www.kasbahtussna.com\/wp-content\/uploads\/2023\/08\/062fd12d-dfda-4926-af85-9815d3064fa8-1-300x225.jpg 300w, https:\/\/www.kasbahtussna.com\/wp-content\/uploads\/2023\/08\/062fd12d-dfda-4926-af85-9815d3064fa8-1-768x576.jpg 768w, https:\/\/www.kasbahtussna.com\/wp-content\/uploads\/2023\/08\/062fd12d-dfda-4926-af85-9815d3064fa8-1-1536x1152.jpg 1536w, https:\/\/www.kasbahtussna.com\/wp-content\/uploads\/2023\/08\/062fd12d-dfda-4926-af85-9815d3064fa8-1.jpg 1600w\" sizes=\"auto, (max-width: 1020px) 100vw, 1020px\" \/>\t\t\t\t\t\t\n\t\t\t\t\t<\/div>\n\t\t\t\t\t\t\t\t\n<style>\n#image_853712641 {\n  width: 100%;\n}\n<\/style>\n\t<\/div>\n\t\n\t<div class=\"img has-hover x md-x lg-x y md-y lg-y\" id=\"image_940431390\">\n\t\t\t\t\t\t\t\t<div class=\"img-inner dark\" >\n\t\t\t<img loading=\"lazy\" decoding=\"async\" width=\"1020\" height=\"677\" src=\"https:\/\/www.kasbahtussna.com\/wp-content\/uploads\/2022\/03\/mz1-1024x680.jpg\" class=\"attachment-large size-large\" alt=\"\" srcset=\"https:\/\/www.kasbahtussna.com\/wp-content\/uploads\/2022\/03\/mz1-1024x680.jpg 1024w, https:\/\/www.kasbahtussna.com\/wp-content\/uploads\/2022\/03\/mz1-300x199.jpg 300w, https:\/\/www.kasbahtussna.com\/wp-content\/uploads\/2022\/03\/mz1-768x510.jpg 768w, https:\/\/www.kasbahtussna.com\/wp-content\/uploads\/2022\/03\/mz1-1536x1020.jpg 1536w, https:\/\/www.kasbahtussna.com\/wp-content\/uploads\/2022\/03\/mz1.jpg 1600w\" sizes=\"auto, (max-width: 1020px) 100vw, 1020px\" \/>\t\t\t\t\t\t\n\t\t\t\t\t<\/div>\n\t\t\t\t\t\t\t\t\n<style>\n#image_940431390 {\n  width: 100%;\n}\n<\/style>\n\t<\/div>\n\t\n\t\t<\/div>\n\t\t\t\t\t<\/div>\n\n\t\n<\/div>\n\t\t<\/div>\n\n\t\t\n<style>\n#section_661146108 {\n  padding-top: 20px;\n  padding-bottom: 20px;\n}\n<\/style>\n\t<\/section>\n\t\n","protected":false},"excerpt":{"rendered":"","protected":false},"author":1,"featured_media":0,"parent":0,"menu_order":0,"comment_status":"closed","ping_status":"closed","template":"page-blank.php","meta":{"footnotes":""},"class_list":["post-20","page","type-page","status-publish","hentry"],"jetpack_sharing_enabled":true,"_links":{"self":[{"href":"https:\/\/www.kasbahtussna.com\/es\/wp-json\/wp\/v2\/pages\/20","targetHints":{"allow":["GET"]}}],"collection":[{"href":"https:\/\/www.kasbahtussna.com\/es\/wp-json\/wp\/v2\/pages"}],"about":[{"href":"https:\/\/www.kasbahtussna.com\/es\/wp-json\/wp\/v2\/types\/page"}],"author":[{"embeddable":true,"href":"https:\/\/www.kasbahtussna.com\/es\/wp-json\/wp\/v2\/users\/1"}],"replies":[{"embeddable":true,"href":"https:\/\/www.kasbahtussna.com\/es\/wp-json\/wp\/v2\/comments?post=20"}],"version-history":[{"count":66,"href":"https:\/\/www.kasbahtussna.com\/es\/wp-json\/wp\/v2\/pages\/20\/revisions"}],"predecessor-version":[{"id":1255,"href":"https:\/\/www.kasbahtussna.com\/es\/wp-json\/wp\/v2\/pages\/20\/revisions\/1255"}],"wp:attachment":[{"href":"https:\/\/www.kasbahtussna.com\/es\/wp-json\/wp\/v2\/media?parent=20"}],"curies":[{"name":"wp","href":"https:\/\/api.w.org\/{rel}","templated":true}]}}